{"id":58,"date":"2018-05-30T08:01:23","date_gmt":"2018-05-30T08:01:23","guid":{"rendered":"http:\/\/mose-puerner.de\/adventisten\/wordpress\/?page_id=58"},"modified":"2024-05-04T10:09:40","modified_gmt":"2024-05-04T08:09:40","slug":"gottesdienst","status":"publish","type":"page","link":"https:\/\/adventisten-neuburg.de\/?page_id=58","title":{"rendered":"Gottesdienst"},"content":{"rendered":"<p><center><span style=\"font-size: medium;\">Herzst\u00fcck unseres Gemeindelebens ist auch und gerade in Pandemie Zeiten unser Gottesdienst, der an jedem Samstag um 09:30 Uhr beginnt. Wir freuen uns \u00fcber Jeden, der an dieser \u00f6ffentlichen Veranstaltung teilnehmen m\u00f6chte.<\/span><\/center><\/p>\n<p style=\"text-align: center;\"><img loading=\"lazy\" decoding=\"async\" class=\"size-full wp-image-208 aligncenter\" src=\"http:\/\/mose-puerner.de\/adventisten\/wordpress\/wp-content\/uploads\/2018\/08\/startbild2.jpg\" alt=\"\" width=\"467\" height=\"350\" srcset=\"https:\/\/adventisten-neuburg.de\/wp-content\/uploads\/2018\/08\/startbild2.jpg 467w, https:\/\/adventisten-neuburg.de\/wp-content\/uploads\/2018\/08\/startbild2-300x225.jpg 300w, https:\/\/adventisten-neuburg.de\/wp-content\/uploads\/2018\/08\/startbild2-267x200.jpg 267w\" sizes=\"auto, (max-width: 467px) 100vw, 467px\" \/><\/p>\n<p><center><span style=\"font-size: medium;\">Der Gottesdienst enth\u00e4lt diese Elemente:<\/span><\/center><span style=\"color: #0070c0;\"><span style=\"font-size: large;\"><b>von 09:30Uhr bis 10:30Uhr \u2013\u00a0<\/b><\/span><\/span><span style=\"color: #0070c0;\"><span style=\"font-size: large;\"><b>Bibelgespr\u00e4ch in Kleingruppen f\u00fcr Erwachsene<\/b><\/span><\/span><\/p>\n<p><span style=\"font-size: medium;\">Weil bei Gott jeder seinen Platz hat, feiern bei uns auch alle Generationen Gottesdienst.<\/span><\/p>\n<p><span style=\"color: #0070c0;\"><span style=\"font-size: large;\"><b>von 09:30Uhr bis 10:30Uhr \u2013\u00a0parallel <\/b><\/span><\/span><span style=\"color: #0070c0;\"><span style=\"font-size: large;\"><b>Kindergottesdienst <\/b><\/span><\/span><\/p>\n<p>0-7 Jahre: &#8220;Guck mal!&#8221;<\/p>\n<p>8-11 Jahre: &#8220;Schatzkiste!&#8221;<\/p>\n<p>12-15 Jahre: &#8220;For you!&#8221;<\/p>\n<p><span style=\"color: #0070c0;\"><span style=\"font-size: large;\"><b>und ab 10:30 Uhr<\/b><\/span><\/span><span style=\"color: #0070c0;\"><span style=\"font-size: large;\"> \u2013\u00a0<\/span><\/span><span style=\"color: #0070c0;\"><span style=\"font-size: large;\"><b>Predigt (mit \u201cKindermoment\u201d)<\/b><\/span><\/span><\/p>\n<p><span style=\"font-size: medium;\">Nat\u00fcrlich kommt Musik, Gesang und Gebet nicht zu kurz. <\/span><\/p>\n<p><span style=\"font-size: medium;\">So ist f\u00fcr jeden etwas Gutes dabei!<\/span><\/p>\n<p><span style=\"font-size: medium;\">Einmal im Monat essen wir nach dem Gottesdienst miteinander.<\/span><\/p>\n<p><span style=\"font-size: medium;\">Wir nennen es \u201e<\/span><span style=\"font-size: medium;\"><b>Potluck\u201c <\/b><\/span><span style=\"font-size: medium;\">(der gl\u00fcckliche Topf) \u2013 jeder bringt was mit und alle werden satt.<\/span><\/p>\n<p><span style=\"font-size: medium;\">Auch hier ist jeder herzlich eingeladen. <\/span><\/p>\n<p style=\"text-align: center;\">\n","protected":false},"excerpt":{"rendered":"<p>Herzst\u00fcck unseres Gemeindelebens ist auch und gerade in Pandemie Zeiten unser Gottesdienst, der an jedem Samstag um 09:30 Uhr beginnt. Wir freuen uns \u00fcber Jeden, der an dieser \u00f6ffentlichen Veranstaltung teilnehmen m\u00f6chte. Der Gottesdienst enth\u00e4lt diese Elemente:von 09:30Uhr bis 10:30Uhr \u2013\u00a0Bibelgespr\u00e4ch in Kleingruppen f\u00fcr Erwachsene Weil bei Gott jeder seinen Platz hat, feiern bei uns &hellip; <a href=\"https:\/\/adventisten-neuburg.de\/?page_id=58\">Continued<\/a><\/p>\n","protected":false},"author":1,"featured_media":0,"parent":0,"menu_order":0,"comment_status":"closed","ping_status":"closed","template":"","meta":[],"class_list":["post-58","page","type-page","status-publish","hentry","odd"],"_links":{"self":[{"href":"https:\/\/adventisten-neuburg.de\/index.php?rest_route=\/wp\/v2\/pages\/58","targetHints":{"allow":["GET"]}}],"collection":[{"href":"https:\/\/adventisten-neuburg.de\/index.php?rest_route=\/wp\/v2\/pages"}],"about":[{"href":"https:\/\/adventisten-neuburg.de\/index.php?rest_route=\/wp\/v2\/types\/page"}],"author":[{"embeddable":true,"href":"https:\/\/adventisten-neuburg.de\/index.php?rest_route=\/wp\/v2\/users\/1"}],"replies":[{"embeddable":true,"href":"https:\/\/adventisten-neuburg.de\/index.php?rest_route=%2Fwp%2Fv2%2Fcomments&post=58"}],"version-history":[{"count":0,"href":"https:\/\/adventisten-neuburg.de\/index.php?rest_route=\/wp\/v2\/pages\/58\/revisions"}],"wp:attachment":[{"href":"https:\/\/adventisten-neuburg.de\/index.php?rest_route=%2Fwp%2Fv2%2Fmedia&parent=58"}],"curies":[{"name":"wp","href":"https:\/\/api.w.org\/{rel}","templated":true}]}}