{"id":422,"date":"2018-09-21T09:42:10","date_gmt":"2018-09-21T07:42:10","guid":{"rendered":"https:\/\/adventisten-neuburg.de\/?page_id=422"},"modified":"2022-02-15T10:52:02","modified_gmt":"2022-02-15T09:52:02","slug":"kinder-jugend","status":"publish","type":"page","link":"https:\/\/adventisten-neuburg.de\/?page_id=422","title":{"rendered":"Kinder\/Familie"},"content":{"rendered":"\n<p>Jesus Christus spricht: \u201eLasst die Kinder zu mir kommen!\u201c Dieser Aufforderung wollen wir gerne nachkommen. In unseren Reihen finden sich zahlreiche junge Familien und Familien mit \u00e4lteren Kindern. Es ist unser Wunsch, dass sie alle Jesus kennenlernen. Um dies zu unterst\u00fctzen bieten wir jede Woche die \u201eKindersabbatschule\u201c in verschiedenen Altersgruppen an. Au\u00dferdem wollen wir zweimal im Jahr einen besonderen Gottesdienst f\u00fcr unsere Familien feiern. Das soziale Miteinander wird bei gemeinsamen Ausfl\u00fcgen gest\u00e4rkt.<\/p>\n\n\n","protected":false},"excerpt":{"rendered":"<p>Jesus Christus spricht: \u201eLasst die Kinder zu mir kommen!\u201c Dieser Aufforderung wollen wir gerne nachkommen. In unseren Reihen finden sich zahlreiche junge Familien und Familien mit \u00e4lteren Kindern. Es ist unser Wunsch, dass sie alle Jesus kennenlernen. Um dies zu unterst\u00fctzen bieten wir jede Woche die \u201eKindersabbatschule\u201c in verschiedenen Altersgruppen an. Au\u00dferdem wollen wir zweimal &hellip; <a href=\"https:\/\/adventisten-neuburg.de\/?page_id=422\">Continued<\/a><\/p>\n","protected":false},"author":1,"featured_media":0,"parent":0,"menu_order":0,"comment_status":"closed","ping_status":"closed","template":"","meta":[],"class_list":["post-422","page","type-page","status-publish","hentry","odd"],"_links":{"self":[{"href":"https:\/\/adventisten-neuburg.de\/index.php?rest_route=\/wp\/v2\/pages\/422","targetHints":{"allow":["GET"]}}],"collection":[{"href":"https:\/\/adventisten-neuburg.de\/index.php?rest_route=\/wp\/v2\/pages"}],"about":[{"href":"https:\/\/adventisten-neuburg.de\/index.php?rest_route=\/wp\/v2\/types\/page"}],"author":[{"embeddable":true,"href":"https:\/\/adventisten-neuburg.de\/index.php?rest_route=\/wp\/v2\/users\/1"}],"replies":[{"embeddable":true,"href":"https:\/\/adventisten-neuburg.de\/index.php?rest_route=%2Fwp%2Fv2%2Fcomments&post=422"}],"version-history":[{"count":0,"href":"https:\/\/adventisten-neuburg.de\/index.php?rest_route=\/wp\/v2\/pages\/422\/revisions"}],"wp:attachment":[{"href":"https:\/\/adventisten-neuburg.de\/index.php?rest_route=%2Fwp%2Fv2%2Fmedia&parent=422"}],"curies":[{"name":"wp","href":"https:\/\/api.w.org\/{rel}","templated":true}]}}