{"id":36,"date":"2018-05-30T07:28:16","date_gmt":"2018-05-30T07:28:16","guid":{"rendered":"http:\/\/mose-puerner.de\/adventisten\/wordpress\/?page_id=36"},"modified":"2022-01-18T09:34:18","modified_gmt":"2022-01-18T08:34:18","slug":"uber-uns","status":"publish","type":"page","link":"https:\/\/adventisten-neuburg.de\/?page_id=36","title":{"rendered":"\u00dcber uns"},"content":{"rendered":"<p><span style=\"font-size: medium;\"><u><b>Wer wir sind<\/b><\/u><\/span><\/p>\n<p><span style=\"font-size: medium;\">Wir sind eine bunte Kirchengemeinde mit ca. 70 getauften Mitgliedern und gut 40 Kindern, Teenagern und Jugendlichen. Zusammen feiern wir Gottesdienst, studieren die Bibel, essen gerne gemeinsam, lieben das Leben, freuen uns \u00fcber Kinder- und Jugendarbeit und hoffen auf Gottes neue Erde.<\/span><\/p>\n<p><span style=\"font-size: medium;\">Als Adventgemeinde Neuburg sind wir Teil der weltweiten Freikirche der Siebenten-Tags-Adventisten, einer evangelischen Freikirche, f\u00fcr die die Bibel die Grundlage des Glaubens ist. Es gibt uns in fast allen L\u00e4ndern dieser Erde. Unser Name deutet auf zwei Glaubens\u00fcberzeugungen hin, die uns besonders wichtig sind:<\/span><\/p>\n<ul>\n<li><span style=\"font-size: medium;\">Als Adventisten feiern wir den Ruhetag am Samstag (Sabbat), dem biblischen <\/span><span style=\"font-size: medium;\"><b>\u201esiebten Tag\u201c.<\/b><\/span><span style=\"font-size: medium;\"> An ihm begegnen wir Gott, verbringen Zeit miteinander und genie\u00dfen die Sch\u00f6pfung. <\/span><\/li>\n<li><span style=\"font-size: medium;\">Und als Adventisten erinnern wir uns an Jesu Versprechen, dass er bald wiederkommen <\/span><span style=\"font-size: medium;\"><b>(\u201eAdvent\u201c = Ankunft<\/b><\/span><span style=\"font-size: medium;\">) und dann eine neue Erde erschaffen wird. Darauf freuen wir uns!<\/span><\/li>\n<\/ul>\n<p><span style=\"font-size: medium;\"><u><b>Was wir sonst noch glauben<\/b><\/u><\/span><\/p>\n<p><span style=\"font-size: medium;\">In 28 Glaubensaussagen stellt die Freikirche der STA dar, wie sie die biblische Lehre versteht und bezeugt. Wenn Sie mehr dazu lesen wollen, k\u00f6nnen Sie sich hier detailliert informieren. <a href=\"https:\/\/www.adventisten.de\/ueber-uns\/unsere-glaubensueberzeugungen\/\">https:\/\/www.adventisten.de\/ueber-uns\/unsere-glaubensueberzeugungen\/<\/a><\/span><\/p>\n<p><span style=\"font-size: medium;\"><u><b>Geschichte<\/b><\/u><\/span><\/p>\n<p><span style=\"font-size: medium;\">Ihre Wurzeln hat unsere Freikirche in den verschiedenen geistlichen Aufbr\u00fcchen des 18. und 19. Jahrhunderts in Amerika. Seit ihrer Gr\u00fcndung im Jahr 1863 legt die Freikirche der Siebenten-Tags-Adventisten gro\u00dfen Wert auf Bildung, Gesundheit und soziales Handeln. <\/span><\/p>\n<p><span style=\"font-size: medium;\">Sie betreibt weltweit ein gro\u00dfes Netzwerk an Krankenh\u00e4usern, Sanatorien und Nahrungsmittelfabriken, Schulen und Universit\u00e4ten, sowie Alten-, Kinder- und Waisenheimen, Verlagen und Medienzentren.<\/span><\/p>\n<p><span style=\"font-size: medium;\">Wenn Sie die Chronik\/ Entstehungsgeschichte unserer Ortsgemeinde hier in Neuburg interessiert k\u00f6nnen Sie <a href=\"http:\/\/v1011.lx17.ihr-host.de\/wp-content\/uploads\/2022\/01\/Chrinik-Adventgemeinde-Neuburg.pdf\">hier<\/a> weiterlesen.<\/span><\/p>\n<h1 class=\"western\"><span style=\"font-family: Calibri, serif;\"><span style=\"font-size: medium;\"><u>Netzwerk <\/u><\/span><\/span><\/h1>\n<h1 class=\"western\"><span style=\"font-family: Calibri, serif;\"><span style=\"font-size: medium;\">In Deutschland unterhalten Adventisten verschiedene Einrichtungen. Nachfolgend ein kleiner, unvollst\u00e4ndiger Einblick:<\/span><\/span><\/h1>\n<ul>\n<li>\n<h4>Kinderg\u00e4rten: z.B. Advent-HPT \u201eHand in Hand\u201c in Neuburg, <a href=\"https:\/\/hpt-neuburg.de\/\">https:\/\/hpt-neuburg.de\/<\/a><\/h4>\n<\/li>\n<li>\n<h4>Schulen : z.B. das Schulzentrum Marienh\u00f6he, <a href=\"https:\/\/www.marienhoehe.de\/\">https:\/\/www.marienhoehe.de\/<\/a>, oder Grundschule in N\u00fcrnberg, <a href=\"https:\/\/www.mose-schule.de\/\">https:\/\/www.mose-schule.de\/<\/a><\/h4>\n<\/li>\n<li>\n<h4>staatlich anerkannte Hochschule: Theologische Hochschule Friedensau, <a href=\"https:\/\/www.thh-friedensau.de\/\">https:\/\/www.thh-friedensau.de\/<\/a><\/h4>\n<\/li>\n<li>\n<h4>Wohneinrichtung f\u00fcr Menschen mit Behinderungen: Haus Odenwald<\/h4>\n<\/li>\n<li>\n<h4>f\u00fcnf Altenheime : u.a. Haus Wittelsbach, <a href=\"https:\/\/www.seniorenheim-wittelsbach.de\/\">https:\/\/www.seniorenheim-wittelsbach.de\/<\/a><\/h4>\n<\/li>\n<li>\n<h4>Krankenhaus Waldfriede, <a href=\"https:\/\/www.krankenhaus-waldfriede.de\/\">https:\/\/www.krankenhaus-waldfriede.de\/<\/a><\/h4>\n<\/li>\n<li>\n<h4>Hospize: z.B in Lauchhammer, <a href=\"https:\/\/www.hospiz-friedensberg.de\/\">https:\/\/www.hospiz-friedensberg.de\/<\/a><\/h4>\n<\/li>\n<li>\n<h4>Wohlfahrtswerk (AWW), <a href=\"https:\/\/www.aww.info\">https:\/\/www.aww.info<\/a><\/h4>\n<\/li>\n<li>\n<h4>Internationale Entwicklungshilfeorganisation (ADRA), <a href=\"https:\/\/adra.de\/\">https:\/\/adra.de\/<\/a><\/h4>\n<\/li>\n<li>\n<h4>Medienzentrum \u201eStimme der Hoffnung\u201c, <a href=\"https:\/\/hopemedia.eu\/\">https:\/\/hopemedia.eu\/<\/a><\/h4>\n<\/li>\n<li>\n<h4>Advent Verlag, <a href=\"https:\/\/advent-verlag.de\/\">https:\/\/advent-verlag.de\/<\/a><\/h4>\n<\/li>\n<li>\n<h4>Zeitschriften, <a href=\"https:\/\/bayern.adventisten.de\/wir-in-bayern\/\">https:\/\/bayern.adventisten.de\/wir-in-bayern\/<\/a>, <a href=\"https:\/\/advent-verlag.de\/zeitschriften\/adventisten-heute\/ \">https:\/\/advent-verlag.de\/zeitschriften\/adventisten-heute\/<\/a>, <a href=\"https:\/\/advent-verlag.de\/zeitschriften\/hope-magazin\/ \">https:\/\/advent-verlag.de\/zeitschriften\/hope-magazin\/<\/a><\/h4>\n<\/li>\n<\/ul>\n<p><span style=\"font-size: medium;\"><u><b>Allgemein:<\/b><\/u><\/span><\/p>\n<p><span style=\"font-size: medium;\">Die Freikirche der Siebenten-Tags-Adventisten hat weltweit ca. 20 Millionen getaufte Mitglieder, zu denen ca. 7 Millionen Kinder &amp; Jugendliche hinzukommen. In Deutschland geh\u00f6ren der Adventgemeinde ca. 35.000 getaufte Mitglieder und ca. 5.000 Kinder und Jugendliche an.<\/span><\/p>\n<p><span style=\"font-size: medium;\">Die Freikirche der Siebenten-Tags-Adventisten ist K\u00f6rperschaft des \u00d6ffentlichen Rechts. Sie ist Mitglied in der Deutschen Bibelgesellschaft und im Evangelischen Posaunendienst in Deutschland, sowie Gastmitglied in der Arbeitsgemeinschaft Christlicher Kirchen (ACK) und in der Vereinigung Evangelischer Freikirchen.<\/span><\/p>\n","protected":false},"excerpt":{"rendered":"<p>Wer wir sind Wir sind eine bunte Kirchengemeinde mit ca. 70 getauften Mitgliedern und gut 40 Kindern, Teenagern und Jugendlichen. Zusammen feiern wir Gottesdienst, studieren die Bibel, essen gerne gemeinsam, lieben das Leben, freuen uns \u00fcber Kinder- und Jugendarbeit und hoffen auf Gottes neue Erde. Als Adventgemeinde Neuburg sind wir Teil der weltweiten Freikirche der &hellip; <a href=\"https:\/\/adventisten-neuburg.de\/?page_id=36\">Continued<\/a><\/p>\n","protected":false},"author":1,"featured_media":0,"parent":0,"menu_order":0,"comment_status":"closed","ping_status":"closed","template":"","meta":[],"class_list":["post-36","page","type-page","status-publish","hentry","odd"],"_links":{"self":[{"href":"https:\/\/adventisten-neuburg.de\/index.php?rest_route=\/wp\/v2\/pages\/36","targetHints":{"allow":["GET"]}}],"collection":[{"href":"https:\/\/adventisten-neuburg.de\/index.php?rest_route=\/wp\/v2\/pages"}],"about":[{"href":"https:\/\/adventisten-neuburg.de\/index.php?rest_route=\/wp\/v2\/types\/page"}],"author":[{"embeddable":true,"href":"https:\/\/adventisten-neuburg.de\/index.php?rest_route=\/wp\/v2\/users\/1"}],"replies":[{"embeddable":true,"href":"https:\/\/adventisten-neuburg.de\/index.php?rest_route=%2Fwp%2Fv2%2Fcomments&post=36"}],"version-history":[{"count":0,"href":"https:\/\/adventisten-neuburg.de\/index.php?rest_route=\/wp\/v2\/pages\/36\/revisions"}],"wp:attachment":[{"href":"https:\/\/adventisten-neuburg.de\/index.php?rest_route=%2Fwp%2Fv2%2Fmedia&parent=36"}],"curies":[{"name":"wp","href":"https:\/\/api.w.org\/{rel}","templated":true}]}}